{"id":409,"date":"2025-11-22T11:00:43","date_gmt":"2025-11-22T11:00:43","guid":{"rendered":"https:\/\/groovyhuttwil.ch\/?page_id=409"},"modified":"2025-11-22T11:06:41","modified_gmt":"2025-11-22T11:06:41","slug":"impressum","status":"publish","type":"page","link":"https:\/\/groovyhuttwil.cyon.site\/?page_id=409","title":{"rendered":"Impressum"},"content":{"rendered":"\n<p><strong>Groovy &#8211; Verein Jugendf\u00f6rderung und Sozialdiakonie Huttwil und Umgebung<\/strong><\/p>\n\n\n\n<p><strong>Adresse:<\/strong><br>Allmendstrasse 24<br>4950 Huttwil<br>Schweiz<\/p>\n\n\n\n<p><strong>Vertretungsberechtigte Person:<\/strong><br>Doris Liechti<br>Pr\u00e4sidentin<\/p>\n\n\n\n<p><strong>Kontakt:<\/strong><br>E-Mail: <a>info@groovyhuttwil.ch<\/a><\/p>\n\n\n\n<p><strong>Haftungsausschluss<\/strong> <br>Der Verein Groovy Huttwil \u00fcbernimmt keine Gew\u00e4hr f\u00fcr die Vollst\u00e4ndigkeit, Richtigkeit und Aktualit\u00e4t der bereitgestellten Inhalte.<br>Trotz sorgf\u00e4ltiger Kontrolle \u00fcbernehmen wir keine Haftung f\u00fcr Inhalte externer Links. F\u00fcr den Inhalt verlinkter Seiten sind ausschliesslich deren Betreiber verantwortlich.<\/p>\n\n\n\n<p><strong>Urheberrechte<\/strong><br>Alle Inhalte (Texte, Fotos, Grafiken, Logos) auf dieser Website sind urheberrechtlich gesch\u00fctzt. Eine Verwendung ohne ausdr\u00fcckliche Zustimmung des Vereins Groovy Huttwil ist nicht gestattet.<\/p>\n","protected":false},"excerpt":{"rendered":"<p>Groovy &#8211; Verein Jugendf\u00f6rderung und Sozialdiakonie Huttwil und Umgebung Adresse:Allmendstrasse 244950 HuttwilSchweiz Vertretungsberechtigte Person:Doris LiechtiPr\u00e4sidentin Kontakt:E-Mail: info@groovyhuttwil.ch Haftungsausschluss Der Verein Groovy Huttwil \u00fcbernimmt keine Gew\u00e4hr f\u00fcr die Vollst\u00e4ndigkeit, Richtigkeit und Aktualit\u00e4t der bereitgestellten Inhalte.Trotz sorgf\u00e4ltiger Kontrolle \u00fcbernehmen wir keine Haftung f\u00fcr Inhalte externer Links. F\u00fcr den Inhalt verlinkter Seiten sind ausschliesslich deren Betreiber verantwortlich. UrheberrechteAlle [&hellip;]<\/p>\n","protected":false},"author":1,"featured_media":0,"parent":0,"menu_order":0,"comment_status":"closed","ping_status":"closed","template":"","meta":{"footnotes":""},"class_list":["post-409","page","type-page","status-publish","hentry"],"_links":{"self":[{"href":"https:\/\/groovyhuttwil.cyon.site\/index.php?rest_route=\/wp\/v2\/pages\/409","targetHints":{"allow":["GET"]}}],"collection":[{"href":"https:\/\/groovyhuttwil.cyon.site\/index.php?rest_route=\/wp\/v2\/pages"}],"about":[{"href":"https:\/\/groovyhuttwil.cyon.site\/index.php?rest_route=\/wp\/v2\/types\/page"}],"author":[{"embeddable":true,"href":"https:\/\/groovyhuttwil.cyon.site\/index.php?rest_route=\/wp\/v2\/users\/1"}],"replies":[{"embeddable":true,"href":"https:\/\/groovyhuttwil.cyon.site\/index.php?rest_route=%2Fwp%2Fv2%2Fcomments&post=409"}],"version-history":[{"count":2,"href":"https:\/\/groovyhuttwil.cyon.site\/index.php?rest_route=\/wp\/v2\/pages\/409\/revisions"}],"predecessor-version":[{"id":412,"href":"https:\/\/groovyhuttwil.cyon.site\/index.php?rest_route=\/wp\/v2\/pages\/409\/revisions\/412"}],"wp:attachment":[{"href":"https:\/\/groovyhuttwil.cyon.site\/index.php?rest_route=%2Fwp%2Fv2%2Fmedia&parent=409"}],"curies":[{"name":"wp","href":"https:\/\/api.w.org\/{rel}","templated":true}]}}