{"id":3,"date":"2020-03-08T15:35:38","date_gmt":"2020-03-08T15:35:38","guid":{"rendered":"http:\/\/groovyhuttwil.ch\/?page_id=3"},"modified":"2025-11-22T10:56:44","modified_gmt":"2025-11-22T10:56:44","slug":"privacy-policy","status":"publish","type":"page","link":"https:\/\/groovyhuttwil.cyon.site\/?page_id=3","title":{"rendered":"Datenschutzerkl\u00e4rung"},"content":{"rendered":"\n<p><strong>Verantwortung und Kontakt<\/strong><br>Verantwortlich f\u00fcr die Bearbeitung von Personendaten von Besuchenden von www.groovyhuttwil.ch ist der Verein Jugendf\u00f6rderung und Sozialdiakonie Huttwil und Umgebung, Allmendstrasse 24, 4950 Huttwil. Bei Fragen kannst du dich an den Verein Jugendf\u00f6rderung und Sozialdiakonie Huttwil und Umgebung unter info@groovyhuttwil.ch wenden. Die Datenschutzerkl\u00e4rung kann jederzeit ge\u00e4ndert werden. Es gilt nur die aktuelle, auf der Website publizierte Fassung. <\/p>\n\n\n\n<p><strong>Funktionen<\/strong><\/p>\n\n\n\n<p><strong>Newsletter<\/strong><br>Wenn du dich f\u00fcr einen unserer Newsletter anmeldest, erfassen wir deine EMailadresse und deine Kontaktdaten, um dich zu verifizieren und den Versand reibungslos zu gestalten. Wir verwenden diese Daten nur f\u00fcr den Versand der Newsletter. Du kannst dich jederzeit von unserem Newsletter abmelden. <\/p>\n\n\n\n<p>Wir d\u00fcrfen deine Daten f\u00fcr den technischen Versand an Dritte (z.B. Mailchimp) weitergeben. Mailchimp speichert alle Formulare und Kontaktangaben. Wir k\u00f6nnen dein Nutzungsverhalten zur Verbesserung der Newsletter statistisch auswerten. Dies geschieht durch Bildelemente, deren Abruf wir feststellen k\u00f6nnen. So k\u00f6nnen wir nachvollziehen, ob und wann eine Mail ge\u00f6ffnet wurde. Mit der Nutzung unserer Website und der Einwilligung in den Erhalt unserer Newsletter und anderer E-Mails stimmst du in den Einsatz dieser Techniken zu. Soll dies nicht geschehen, musst du deinen Browser und dein E-Mail-Programm so einstellen, dass diese Techniken nicht benutzt werden k\u00f6nnen. Daten zum Zwecke des Newsletterbezugs (z.B. E MailAdresse) werden auf den Servern von MailChimp in den USA gespeichert.<\/p>\n\n\n\n<p><strong>Formulare<\/strong><br>Wenn du dich in ein Formular auf unserer Website eintr\u00e4gst, nutzen wir ein WordPress Plugin, das deine Angaben und deine Kontaktdaten f\u00fcr die Bearbeitung deiner Anfrage und f\u00fcr anf\u00e4llige Anschlussfragen direkt an einen E-Mail Account weitersendet. Dabei werden nach unserem Wissen keine technischen Verbindungsdaten des Serverzugriffs (IP-Adresse, Datum, Uhrzeit, abgefragte Seite, Browser-Informationen) gespeichert, sondern nur die ausgef\u00fcllten Formulardaten an den E Mail Account weitergesandt.<\/p>\n\n\n\n<p>Wir nutzen dabei einen Gmail Account. Dies ist eine Dienstleistung von Google, das seinen Sitz in Irland hat. Google Irland st\u00fctzt sich dabei auf Google LLC (mit Sitz in den USA) als Auftragsbearbeiter (beide \u00abGoogle\u00bb, www.google.com). Die Nutzung von Gmail erfolgt im Interesse einer leichten weiteren Verwertung der angegebenen Daten. Diese Informationen werden in der Regel an einen Server von Google in den USA \u00fcbertragen und dort gespeichert.<\/p>\n\n\n\n<p><strong>Cookies<\/strong><br>Cookies sind kleine Textdateien, welche Informationen \u00fcber den Nutzenden einer Website und sein Endger\u00e4t abspeichern. Sie bleiben grunds\u00e4tzlich auf dem Endger\u00e4t des Nutzenden gespeichert und werden bei einem erneuten Besuch der Website wieder verwendet. Dein Browser kann so eingestellt werden, dass keine Cookies gespeichert werden. Gewisse Websitenfunktionen k\u00f6nnen dadurch aber gegebenenfalls eingeschr\u00e4nkt werden.<\/p>\n\n\n\n<p>Wir verwenden auf unserer Website \u00abSession-Cookies\u00bb. Diese Cookies werden nach deinem Besuch automatisch gel\u00f6scht.<\/p>\n\n\n\n<p>Andere von uns genutzte Cookies bleiben auf deinem Ger\u00e4t, bis du sie l\u00f6scht. Durch diese Cookies k\u00f6nnen wir deinen Browser beim n\u00e4chsten Versuch wiedererkennen und z.B. Spracheinstellungen speichern. Unsere Website wird durch diese Cookies benutzerfreundlicher, effektiver und sicherer. Da die Cookies auf deinem Ger\u00e4t gespeichert werden, hast du die Kontrolle \u00fcber die Cookies und du kannst diese vollst\u00e4ndig l\u00f6schen oder deaktivieren. Die meisten Browser sind standardm\u00e4ssig so eingestellt, dass Cookies akzeptiert werden.<\/p>\n\n\n\n<p><strong>Tracking Tools<\/strong><br>Durch Tracking Tools k\u00f6nnen wir einen \u00dcberblick \u00fcber die Besuche und das Nutzungsverhalten (wie Zeit und Dauer von Websitenbesuchen) auf unserer Website verschaffen. Wir k\u00f6nnen so unsere Websiteninhalte und Dienstleistungen optimieren. Wir verwenden nur gesetzlich erlaubte Tracking Tools. Die Tracking Tools verwenden Cookies, um Informationen an den Trackinganbieter zu \u00fcbermitteln. In der Regel erfolgen die Analyse und \u00dcbertragung dieser Informationen anonym, es kann aber sein, dass die volle IP-Adresse an einen Server des Anbieters \u00fcbertragen wird.<\/p>\n\n\n\n<p><strong>Google Analytics<\/strong><br>Wir setzen auf unseren Websiten mitunter Google Analytics oder vergleichbare Dienste ein. Dies ist eine Dienstleistung von Google, die ihren Sitz in Sitz in Irland hat. Google Irland st\u00fctzt sich dabei auf Google LLC (mit Sitz in den USA) als Auftragsbearbeiter (beide \u00abGoogle\u00bb), www.google.com), mit welcher wir die Nutzung der Website (nicht personenbezogen) messen und auswerten k\u00f6nnen. Hierzu werden ebenfalls permanente Cookies benutzt, die der Dienstleister setzt. Wir haben den Dienst so konfiguriert, dass die IP-Adressen der Besucher von Google in Europa vor einer Weiterleitung in die USA gek\u00fcrzt werden und dadurch nicht zur\u00fcckverfolgt werden k\u00f6nnen. Wir haben die Einstellungen \u00abDatenweitergabe\u00bb und \u00abSignals\u00bb ausgeschaltet. Obwohl wir annehmen k\u00f6nnen, dass die Informationen, welche wir mit Google teilen, f\u00fcr Google keine Personendaten sind, ist es m\u00f6glich, dass Google von diesen Daten f\u00fcr eigene Zwecke R\u00fcckschl\u00fcsse auf die Identit\u00e4t der Besucher ziehen, personenbezogene Profile erstellen und diese Daten mit den Google-Konten dieser Personen verkn\u00fcpfen kann. Soweit du dich beim Dienstleister selbst registriert hast, kennt der Dienstleister dich auch. Die Bearbeitung deiner Personendaten durch den Dienstleister erfolgt dann in Verantwortung des Dienstleisters nach dessen Datenschutzbestimmungen. Uns teilt der Dienstleister lediglich mit, wie unsere jeweilige Website genutzt wird (keine Angaben \u00fcber dich pers\u00f6nlich).<\/p>\n\n\n\n<p><strong>Weiteres<\/strong><br>Sollte eine Website noch weitere Datenbearbeitungen durchf\u00fchren informieren wir dort separat.<\/p>\n\n\n\n<p><strong>Rechtliche Hinweise<\/strong><br>Wir stellen die Inhalte auf der Website nach bestem Wissen und Gewissen bereit. Wir k\u00f6nnen aber die Vollst\u00e4ndigkeit, Fehlerfreiheit und Richtigkeit nicht garantieren. Wir k\u00f6nnen die Website jederzeit \u00e4ndern. Im Zusammenhang mit unserer Website bedingen jegliche Haftung soweit gesetzlich zul\u00e4ssig weg.<\/p>\n\n\n\n<p><strong>Mitgliederdatenbank CEVIDB<\/strong><\/p>\n\n\n\n<p><strong>Was wird in der CEVIDB gespeichert?<\/strong><br>Die CeviDB wird vom Cevi Schweiz, den Cevi Regionen und den Cevi Abteilungen f\u00fcr die Mitgliederverwaltung genutzt. Es werden Daten gespeichert die du als Mitglied einer Cevi Organisation bekannt gibst. Der Cevi Schweiz hat dabei nur teilweise Zugriff auf Daten der Regionen und Abteilungen. Die Regionen haben wiederum auch nur teilweise Zugriff auf Daten der Abteilungen. Die Daten werden auf Servern in der Schweiz gespeichert. Die Daten, welche auf der CeviDB gespeichert werden, sind insbesondere:<\/p>\n\n\n\n<ul class=\"wp-block-list\">\n<li>Personenstammdaten (Anrede, Ceviname, Vorname, Name, Adresse, Geburtsdatum, Telefonnummer, E-Mail, Social Media, Sprache, J+S Personennnummer, Nationalit\u00e4t gem\u00e4ss J+S, Profilfoto, Qualifikationen, Anlassteilnahmen und Verteilergruppen)<\/li>\n\n\n\n<li>Geschlecht<\/li>\n\n\n\n<li>In Ausnahmef\u00e4llen bei konkreter Notwendigkeit besonders sch\u00fctzenswerte Daten, wie Gesundheitsdaten, Konfession oder AHV-Nummer<\/li>\n\n\n\n<li>Hinweise zu Ausbildungen<\/li>\n\n\n\n<li>Famili\u00e4re Verbindungen<\/li>\n\n\n\n<li>Datum Ein- und Austritt<\/li>\n\n\n\n<li>Rollen<\/li>\n\n\n\n<li>Anl\u00e4sse<\/li>\n\n\n\n<li>Zusatzinformationen (Bemerkungen, Notfallkontakte, etc.)<\/li>\n<\/ul>\n\n\n\n<p><strong>Zweck der Datenbearbeitung in der CEVIDB<\/strong><br>Die Angaben in der Mitgliederdatenbank dienen dazu die Vereinszwecke, wie die Durchf\u00fchrung von Lagern und Aktivit\u00e4ten zu erf\u00fcllen und die Sicherheit der Teilnehmenden zu gew\u00e4hrleisten. Zudem k\u00f6nnen wir die Daten nutzen, um mit dir zu kommunizieren und Informationen weiterzuleiten.<\/p>\n\n\n\n<p><strong>Auswertung CEVIDB<\/strong><br>Die Angaben in der CeviDB k\u00f6nnen statistisch ausgewertet werden. Dazu k\u00f6nnen Angaben zu Geschlecht, Wohnort, Alter, famili\u00e4ren Verbindungen, Ein- und Austritte und weiteres ausgewertet werden. Wir k\u00f6nnen diese Daten auch in entsprechende Kategorien einteilen. Dies geschieht, um das Angebot des Cevi auszuwerten und somit die Qualit\u00e4t der Angebote zu kontrollieren und weiterzuentwickeln.<\/p>\n\n\n\n<p>Es werden keine Profile der einzelnen Mitglieder erstellt, die Auswertung erfolgt anonymisiert.<\/p>\n\n\n\n<p><strong>Mails, Newsletter und Werbung<\/strong><br>Je nach deiner Rolle im Cevi darf dich die Cevi-Organisation z.B. in Newslettern oder postalisch im Rahmen von Mitgliederzeitschriften anschreiben. Wir tun dies im Zusammenhang mit den Aktivit\u00e4ten des Cevi. Wir betreiben auch Newsletter, f\u00fcr die du dich einzeln anmelden kannst. Wir erfassen deine Mailadresse und allf\u00e4llige weitere Kontaktdaten f\u00fcr den Versand und die Verifizierung. Du kannst dich mit einem Link in den Newslettern von diesen abmelden.<\/p>\n\n\n\n<p>Wir k\u00f6nnen dich auch auf Aktivit\u00e4ten und Angebote von Partner oder Drittorganisationen hinweisen, die einen Bezug zum Cevi haben und dem Zweck des Cevi entsprechen. Werbung, insbesondere f\u00fcr Partner- oder Drittorganisationen, die nicht direkt dem Cevizweck dienen, erh\u00e4ltst du nur mit deiner vorherigen Zustimmung. Du kannst eine solche Zustimmung jederzeit zur\u00fcckziehen.<\/p>\n\n\n\n<p>Wir d\u00fcrfen deine Daten f\u00fcr den technischen Versand an Dritte (z.B. Mailchimp) weitergeben. Diese speichern unter Umst\u00e4nden alle Formulare und Kontaktangaben. Wir k\u00f6nnen dein Nutzungsverhalten zur Verbesserung des Newsletters statistisch auswerten. Dies geschieht durch Bildelemente, deren Abruf wir feststellen k\u00f6nnen. So k\u00f6nnen wir nachvollziehen, ob und wann eine Mail ge\u00f6ffnet wurde. Soll dies nicht geschehen, musst du deinen Browser und dein E-Mail Programm so einstellen, dass diese Techniken nicht benutzt werden k\u00f6nnen. Daten zum Zwecke des Newsletterbezugs (z.B. E-Mail-Adresse) werden unter Umst\u00e4nden auf den Servern der Anbieter in der EU oder USA gespeichert z.B. bei Mailchimp in den USA.<\/p>\n\n\n\n<p><strong>Fotos und Videos<\/strong><br>Unter Umst\u00e4nden k\u00f6nnen wir f\u00fcr den Cevi Fotos oder Videos von dir erstellen. Wir holen f\u00fcr das Erstellen und Ver\u00f6ffentlichen von Fotos oder Videos zuerst deine Einwilligung ein. Diese kann auch konkludent erfolgen.<\/p>\n","protected":false},"excerpt":{"rendered":"<p>Verantwortung und KontaktVerantwortlich f\u00fcr die Bearbeitung von Personendaten von Besuchenden von www.groovyhuttwil.ch ist der Verein Jugendf\u00f6rderung und Sozialdiakonie Huttwil und Umgebung, Allmendstrasse 24, 4950 Huttwil. Bei Fragen kannst du dich an den Verein Jugendf\u00f6rderung und Sozialdiakonie Huttwil und Umgebung unter info@groovyhuttwil.ch wenden. Die Datenschutzerkl\u00e4rung kann jederzeit ge\u00e4ndert werden. Es gilt nur die aktuelle, auf der [&hellip;]<\/p>\n","protected":false},"author":1,"featured_media":0,"parent":0,"menu_order":0,"comment_status":"closed","ping_status":"open","template":"","meta":{"footnotes":""},"class_list":["post-3","page","type-page","status-publish","hentry"],"_links":{"self":[{"href":"https:\/\/groovyhuttwil.cyon.site\/index.php?rest_route=\/wp\/v2\/pages\/3","targetHints":{"allow":["GET"]}}],"collection":[{"href":"https:\/\/groovyhuttwil.cyon.site\/index.php?rest_route=\/wp\/v2\/pages"}],"about":[{"href":"https:\/\/groovyhuttwil.cyon.site\/index.php?rest_route=\/wp\/v2\/types\/page"}],"author":[{"embeddable":true,"href":"https:\/\/groovyhuttwil.cyon.site\/index.php?rest_route=\/wp\/v2\/users\/1"}],"replies":[{"embeddable":true,"href":"https:\/\/groovyhuttwil.cyon.site\/index.php?rest_route=%2Fwp%2Fv2%2Fcomments&post=3"}],"version-history":[{"count":5,"href":"https:\/\/groovyhuttwil.cyon.site\/index.php?rest_route=\/wp\/v2\/pages\/3\/revisions"}],"predecessor-version":[{"id":408,"href":"https:\/\/groovyhuttwil.cyon.site\/index.php?rest_route=\/wp\/v2\/pages\/3\/revisions\/408"}],"wp:attachment":[{"href":"https:\/\/groovyhuttwil.cyon.site\/index.php?rest_route=%2Fwp%2Fv2%2Fmedia&parent=3"}],"curies":[{"name":"wp","href":"https:\/\/api.w.org\/{rel}","templated":true}]}}